{"id":20,"date":"2023-12-30T23:49:35","date_gmt":"2023-12-30T22:49:35","guid":{"rendered":"http:\/\/localhost:8085\/?page_id=20"},"modified":"2024-02-14T11:57:26","modified_gmt":"2024-02-14T17:57:26","slug":"contactanos","status":"publish","type":"page","link":"https:\/\/sanmateofundaciongt.org\/?page_id=20","title":{"rendered":"Cont\u00e1ctanos"},"content":{"rendered":"<div class=\"row contact-bottom-info\">\n<div class=\"maps-form\">\n<div class=\"col-md-5\">\n<h4>Direcci\u00f3n: Barrio El Centro, Senah\u00fa, Alta Verapaz.<\/h4>\n<h4>Tel\u00e9fono: + 502 4087-5499<\/h4>\n<div class=\"wpforms-container wpforms-container-full wpforms-render-modern\" id=\"wpforms-471\"><form id=\"wpforms-form-471\" class=\"wpforms-validate wpforms-form wpforms-ajax-form\" data-formid=\"471\" method=\"post\" enctype=\"multipart\/form-data\" action=\"\/index.php?rest_route=%2Fwp%2Fv2%2Fpages%2F20\" data-token=\"96964230d023a1797884d8560b04786f\"><noscript class=\"wpforms-error-noscript\">Please enable JavaScript in your browser to complete this form.<\/noscript><div class=\"wpforms-hidden\" id=\"wpforms-error-noscript\">Please enable JavaScript in your browser to complete this form.<\/div><div class=\"wpforms-field-container\"><div id=\"wpforms-471-field_0-container\" class=\"wpforms-field wpforms-field-name\" data-field-id=\"0\"><label class=\"wpforms-field-label\" for=\"wpforms-471-field_0\">Nombre <span class=\"wpforms-required-label\" aria-hidden=\"true\">*<\/span><\/label><input type=\"text\" id=\"wpforms-471-field_0\" class=\"wpforms-field-large wpforms-field-required\" name=\"wpforms[fields][0]\" aria-errormessage=\"wpforms-471-field_0-error\" required><\/div><div id=\"wpforms-471-field_1-container\" class=\"wpforms-field wpforms-field-email\" data-field-id=\"1\"><label class=\"wpforms-field-label\" for=\"wpforms-471-field_1\">Email <span class=\"wpforms-required-label\" aria-hidden=\"true\">*<\/span><\/label><input type=\"email\" id=\"wpforms-471-field_1\" class=\"wpforms-field-large wpforms-field-required\" name=\"wpforms[fields][1]\" spellcheck=\"false\" aria-errormessage=\"wpforms-471-field_1-error\" required><\/div><div id=\"wpforms-471-field_2-container\" class=\"wpforms-field wpforms-field-textarea\" data-field-id=\"2\"><label class=\"wpforms-field-label\" for=\"wpforms-471-field_2\">Tu mensaje <span class=\"wpforms-required-label\" aria-hidden=\"true\">*<\/span><\/label><textarea id=\"wpforms-471-field_2\" class=\"wpforms-field-medium wpforms-field-required\" name=\"wpforms[fields][2]\" aria-errormessage=\"wpforms-471-field_2-error\" required><\/textarea><\/div><\/div><!-- .wpforms-field-container --><div class=\"wpforms-submit-container\" ><input type=\"hidden\" name=\"wpforms[id]\" value=\"471\"><input type=\"hidden\" name=\"wpforms[author]\" value=\"1\"><button type=\"submit\" name=\"wpforms[submit]\" id=\"wpforms-submit-471\" class=\"wpforms-submit\" data-alt-text=\"Enviando ...\" data-submit-text=\"Enviar\" aria-live=\"assertive\" value=\"wpforms-submit\">Enviar<\/button><img loading=\"lazy\" decoding=\"async\" src=\"https:\/\/sanmateofundaciongt.org\/wp-content\/plugins\/wpforms-lite\/assets\/images\/submit-spin.svg\" class=\"wpforms-submit-spinner\" style=\"display: none;\" width=\"26\" height=\"26\" alt=\"Loading\"><\/div><\/form><\/div>  <!-- .wpforms-container -->\n<\/div>\n<div class=\"col-md-7 maps\">\n<div class=\"google-maps\">\n<div class=\"mapouter\">\n<div class=\"gmap_canvas\">\n<p><iframe style=\"width: 590px; height: 400px;\" src=\"https:\/\/maps.google.com\/maps?q=senau&amp;t=&amp;z=13&amp;ie=UTF8&amp;iwloc=&amp;output=embed\" frameborder=\"0\" scrolling=\"no\"><\/iframe><\/p>\n<style>.mapouter{position:relative;height:400px;width:590px;background:#fff;} .maprouter a{color:#fff !important;position:absolute !important;top:0 !important;z-index:0 !important;}<\/style>\n<p><a href=\"https:\/\/blooketjoin.org\/blooket-login\/\">blooket login<\/a><\/p>\n<style>.gmap_canvas{overflow:hidden;height:400px;width:590px}.gmap_canvas iframe{position:relative;z-index:2}<\/style>\n<\/div>\n<\/div>\n<\/div>\n<\/div>\n<\/div>\n<\/div>\n","protected":false},"excerpt":{"rendered":"<p>Direcci\u00f3n: Barrio El Centro, Senah\u00fa, Alta Verapaz. Tel\u00e9fono: + 502 4087-5499 blooket login<\/p>\n","protected":false},"author":1,"featured_media":51,"parent":0,"menu_order":0,"comment_status":"closed","ping_status":"closed","template":"","meta":{"footnotes":""},"class_list":["post-20","page","type-page","status-publish","has-post-thumbnail","hentry"],"acf":[],"_links":{"self":[{"href":"https:\/\/sanmateofundaciongt.org\/index.php?rest_route=\/wp\/v2\/pages\/20","targetHints":{"allow":["GET"]}}],"collection":[{"href":"https:\/\/sanmateofundaciongt.org\/index.php?rest_route=\/wp\/v2\/pages"}],"about":[{"href":"https:\/\/sanmateofundaciongt.org\/index.php?rest_route=\/wp\/v2\/types\/page"}],"author":[{"embeddable":true,"href":"https:\/\/sanmateofundaciongt.org\/index.php?rest_route=\/wp\/v2\/users\/1"}],"replies":[{"embeddable":true,"href":"https:\/\/sanmateofundaciongt.org\/index.php?rest_route=%2Fwp%2Fv2%2Fcomments&post=20"}],"version-history":[{"count":20,"href":"https:\/\/sanmateofundaciongt.org\/index.php?rest_route=\/wp\/v2\/pages\/20\/revisions"}],"predecessor-version":[{"id":891,"href":"https:\/\/sanmateofundaciongt.org\/index.php?rest_route=\/wp\/v2\/pages\/20\/revisions\/891"}],"wp:featuredmedia":[{"embeddable":true,"href":"https:\/\/sanmateofundaciongt.org\/index.php?rest_route=\/wp\/v2\/media\/51"}],"wp:attachment":[{"href":"https:\/\/sanmateofundaciongt.org\/index.php?rest_route=%2Fwp%2Fv2%2Fmedia&parent=20"}],"curies":[{"name":"wp","href":"https:\/\/api.w.org\/{rel}","templated":true}]}}