{"id":326,"date":"2024-01-11T19:44:54","date_gmt":"2024-01-12T01:44:54","guid":{"rendered":"http:\/\/localhost:8085\/?page_id=326"},"modified":"2024-01-19T11:06:40","modified_gmt":"2024-01-19T17:06:40","slug":"bachilleratomecanica","status":"publish","type":"page","link":"https:\/\/sanmateofundaciongt.org\/?page_id=326","title":{"rendered":"Bachillerato en Ciencias y Letras con Orientaci\u00f3n en Mec\u00e1nica Automotriz"},"content":{"rendered":"<p>&nbsp;<\/p>\n<p><img loading=\"lazy\" decoding=\"async\" class=\" wp-image-532 alignright\" src=\"https:\/\/sanmateofundaciongt.org\/wp-content\/uploads\/2024\/01\/47-Mecanica-Inf1-300x225.jpg\" alt=\"\" width=\"638\" height=\"479\" \/><\/p>\n<h6>La especialidad en Mec\u00e1nica Automotriz se enfoca en la formaci\u00f3n y preparaci\u00f3n de mano de obra calificada de futuros mec\u00e1nicos y los mejores profesionales de la regi\u00f3n, para que puedan desempe\u00f1arse eficientemente y as\u00ed contribuir al desarrollo del pa\u00eds<\/h6>\n<h6>Durante el desarrollo de la carrera, el estudiante conocer\u00e1 y desarrollar\u00e1 las capacidades para preparar equipo, herramienta y materiales, diagnosticar fallas, proveer el mantenimiento y comprobar el funcionamiento de los sistemas de frenos, suspensi\u00f3n, direcci\u00f3n, transmisi\u00f3n, motor, basado en requerimientos; aplicando los procedimientos adecuados; adem\u00e1s, se le anima a desarrollar actitud positiva, colaboradora y participativa en la pr\u00e1ctica diaria mientras se forma.<\/h6>\n<h6><\/h6>\n<p>&nbsp;<\/p>\n<h6>El Centro Educativo San Mateo brinda a los estudiantes en Mec\u00e1nica Automotriz los conocimientos tecnol\u00f3gicos, aptitudes, habilidades y destrezas necesarias para que su desempe\u00f1o en el campo laboral lo desarrolle con propiedad y capacidad para ejercer la profesi\u00f3n con alta eficiencia.<\/h6>\n<p>&nbsp;<\/p>\n<p><img loading=\"lazy\" decoding=\"async\" class=\" wp-image-533 alignleft\" src=\"https:\/\/sanmateofundaciongt.org\/wp-content\/uploads\/2024\/01\/48-Mecanica-Inf2-1-300x225.jpg\" alt=\"\" width=\"562\" height=\"421\" srcset=\"https:\/\/sanmateofundaciongt.org\/wp-content\/uploads\/2024\/01\/48-Mecanica-Inf2-1-300x225.jpg 300w, https:\/\/sanmateofundaciongt.org\/wp-content\/uploads\/2024\/01\/48-Mecanica-Inf2-1-1024x768.jpg 1024w, https:\/\/sanmateofundaciongt.org\/wp-content\/uploads\/2024\/01\/48-Mecanica-Inf2-1-768x576.jpg 768w, https:\/\/sanmateofundaciongt.org\/wp-content\/uploads\/2024\/01\/48-Mecanica-Inf2-1.jpg 1032w\" sizes=\"auto, (max-width: 562px) 100vw, 562px\" \/><\/p>\n<p>&nbsp;<\/p>\n<h6>El objetivo trazado en esta \u00e1rea es preparar futuro profesional en las actividades que le aporten v\u00edvidamente las experiencias para que ejecute trabajos de mec\u00e1nica automotriz y lo preparen para la toma de criterios y decisiones en situaciones y resultados reales en el tiempo \u00f3ptimo.<br \/>\nLos alumnos del \u00e1rea de Mec\u00e1nica Automotriz han profundizado sus conocimientos, teniendo pr\u00e1cticas directas de desarmado y armado completamente de veh\u00edculos incluso de motores, para conocer cada pieza y su funcionamiento.<\/h6>\n<p>&nbsp;<\/p>\n<p>&nbsp;<\/p>\n","protected":false},"excerpt":{"rendered":"<p>&nbsp; La especialidad en Mec\u00e1nica Automotriz se enfoca en la formaci\u00f3n y preparaci\u00f3n de mano de obra calificada de futuros mec\u00e1nicos y los mejores profesionales de la regi\u00f3n, para que puedan desempe\u00f1arse eficientemente y as\u00ed contribuir al desarrollo del pa\u00eds Durante el desarrollo de la carrera, el estudiante conocer\u00e1 y desarrollar\u00e1 las capacidades para preparar [&hellip;]<\/p>\n","protected":false},"author":1,"featured_media":329,"parent":0,"menu_order":0,"comment_status":"closed","ping_status":"closed","template":"","meta":{"footnotes":""},"class_list":["post-326","page","type-page","status-publish","has-post-thumbnail","hentry"],"acf":[],"_links":{"self":[{"href":"https:\/\/sanmateofundaciongt.org\/index.php?rest_route=\/wp\/v2\/pages\/326","targetHints":{"allow":["GET"]}}],"collection":[{"href":"https:\/\/sanmateofundaciongt.org\/index.php?rest_route=\/wp\/v2\/pages"}],"about":[{"href":"https:\/\/sanmateofundaciongt.org\/index.php?rest_route=\/wp\/v2\/types\/page"}],"author":[{"embeddable":true,"href":"https:\/\/sanmateofundaciongt.org\/index.php?rest_route=\/wp\/v2\/users\/1"}],"replies":[{"embeddable":true,"href":"https:\/\/sanmateofundaciongt.org\/index.php?rest_route=%2Fwp%2Fv2%2Fcomments&post=326"}],"version-history":[{"count":34,"href":"https:\/\/sanmateofundaciongt.org\/index.php?rest_route=\/wp\/v2\/pages\/326\/revisions"}],"predecessor-version":[{"id":780,"href":"https:\/\/sanmateofundaciongt.org\/index.php?rest_route=\/wp\/v2\/pages\/326\/revisions\/780"}],"wp:featuredmedia":[{"embeddable":true,"href":"https:\/\/sanmateofundaciongt.org\/index.php?rest_route=\/wp\/v2\/media\/329"}],"wp:attachment":[{"href":"https:\/\/sanmateofundaciongt.org\/index.php?rest_route=%2Fwp%2Fv2%2Fmedia&parent=326"}],"curies":[{"name":"wp","href":"https:\/\/api.w.org\/{rel}","templated":true}]}}