{"id":341,"date":"2024-01-11T20:18:43","date_gmt":"2024-01-12T02:18:43","guid":{"rendered":"http:\/\/localhost:8085\/?page_id=341"},"modified":"2024-01-19T10:45:12","modified_gmt":"2024-01-19T16:45:12","slug":"bachilleratocafe","status":"publish","type":"page","link":"https:\/\/sanmateofundaciongt.org\/?page_id=341","title":{"rendered":"Bachillerato en Ciencias y Letras con Diplomado en Caficultura"},"content":{"rendered":"<p>&nbsp;<\/p>\n<p><img loading=\"lazy\" decoding=\"async\" class=\"wp-image-535 alignright\" src=\"https:\/\/sanmateofundaciongt.org\/wp-content\/uploads\/2024\/01\/51-Caficultura-inf-1-scaled-e1705582689264-300x177.jpg\" alt=\"\" width=\"483\" height=\"285\" srcset=\"https:\/\/sanmateofundaciongt.org\/wp-content\/uploads\/2024\/01\/51-Caficultura-inf-1-scaled-e1705582689264-300x177.jpg 300w, https:\/\/sanmateofundaciongt.org\/wp-content\/uploads\/2024\/01\/51-Caficultura-inf-1-scaled-e1705582689264-1024x604.jpg 1024w, https:\/\/sanmateofundaciongt.org\/wp-content\/uploads\/2024\/01\/51-Caficultura-inf-1-scaled-e1705582689264-768x453.jpg 768w, https:\/\/sanmateofundaciongt.org\/wp-content\/uploads\/2024\/01\/51-Caficultura-inf-1-scaled-e1705582689264-1536x906.jpg 1536w, https:\/\/sanmateofundaciongt.org\/wp-content\/uploads\/2024\/01\/51-Caficultura-inf-1-scaled-e1705582689264.jpg 1920w\" sizes=\"auto, (max-width: 483px) 100vw, 483px\" \/><\/p>\n<p>&nbsp;<\/p>\n<p>&nbsp;<\/p>\n<h6>De acuerdo con algunos estudios se ha determinado que el caf\u00e9 es la segunda bebida m\u00e1s consumida en el mundo despu\u00e9s del agua.\u00a0 El caf\u00e9 en Guatemala, es uno de los productos m\u00e1s importantes de la econom\u00eda del pa\u00eds, debido a su alta calidad es considerada como una de las regiones productoras de caf\u00e9 m\u00e1s importantes del mundo.<\/h6>\n<p>&nbsp;<\/p>\n<p>&nbsp;<\/p>\n<p>&nbsp;<\/p>\n<p><img loading=\"lazy\" decoding=\"async\" class=\" wp-image-537 alignleft\" src=\"https:\/\/sanmateofundaciongt.org\/wp-content\/uploads\/2024\/01\/52-Caficultura-Inf-2-300x140.jpg\" alt=\"\" width=\"511\" height=\"238\" srcset=\"https:\/\/sanmateofundaciongt.org\/wp-content\/uploads\/2024\/01\/52-Caficultura-Inf-2-300x140.jpg 300w, https:\/\/sanmateofundaciongt.org\/wp-content\/uploads\/2024\/01\/52-Caficultura-Inf-2-1024x477.jpg 1024w, https:\/\/sanmateofundaciongt.org\/wp-content\/uploads\/2024\/01\/52-Caficultura-Inf-2-768x358.jpg 768w, https:\/\/sanmateofundaciongt.org\/wp-content\/uploads\/2024\/01\/52-Caficultura-Inf-2-1536x715.jpg 1536w, https:\/\/sanmateofundaciongt.org\/wp-content\/uploads\/2024\/01\/52-Caficultura-Inf-2.jpg 2000w\" sizes=\"auto, (max-width: 511px) 100vw, 511px\" \/><\/p>\n<p>&nbsp;<\/p>\n<h6>El caf\u00e9 es el principal producto de exportaci\u00f3n de Guatemala, y representa aproximadamente el 20% del total de las exportaciones del pa\u00eds, se estima que el cultivo del caf\u00e9 ocupa el 2.8% del territorio nacional y se cultiva en los 22 departamentos, principalmente en las regiones monta\u00f1osas del pa\u00eds, como Antigua, Huehuetenango y Alta Verapaz siendo que estas zonas tienen el clima ideal.<\/h6>\n<p>&nbsp;<\/p>\n<p>&nbsp;<\/p>\n<p><img loading=\"lazy\" decoding=\"async\" class=\" wp-image-538 alignright\" src=\"https:\/\/sanmateofundaciongt.org\/wp-content\/uploads\/2024\/01\/53-Caficultura-Inf-3-e1705357720573-300x168.jpg\" alt=\"\" width=\"515\" height=\"288\" srcset=\"https:\/\/sanmateofundaciongt.org\/wp-content\/uploads\/2024\/01\/53-Caficultura-Inf-3-e1705357720573-300x168.jpg 300w, https:\/\/sanmateofundaciongt.org\/wp-content\/uploads\/2024\/01\/53-Caficultura-Inf-3-e1705357720573-1024x572.jpg 1024w, https:\/\/sanmateofundaciongt.org\/wp-content\/uploads\/2024\/01\/53-Caficultura-Inf-3-e1705357720573-768x429.jpg 768w, https:\/\/sanmateofundaciongt.org\/wp-content\/uploads\/2024\/01\/53-Caficultura-Inf-3-e1705357720573-1536x859.jpg 1536w, https:\/\/sanmateofundaciongt.org\/wp-content\/uploads\/2024\/01\/53-Caficultura-Inf-3-e1705357720573.jpg 1610w\" sizes=\"auto, (max-width: 515px) 100vw, 515px\" \/><\/p>\n<h6>El sector del caf\u00e9 en Guatemala tambi\u00e9n es importante por el impacto que tiene en la econom\u00eda y en la sociedad ya que genera empleo en las zonas rurales, lo que contribuye a la reducci\u00f3n de la pobreza en el pa\u00eds, adem\u00e1s, muchos productores de caf\u00e9 en Guatemala son peque\u00f1os agricultores que dependen del caf\u00e9 como su principal fuente de ingresos.<br \/>\nEl caf\u00e9 guatemalteco sigue siendo muy valorado en el mercado internacional y se espera que el sector contin\u00fae siendo un motor importante de la econom\u00eda del pa\u00eds.<\/h6>\n<p>&nbsp;<\/p>\n<p>&nbsp;<\/p>\n<p><img loading=\"lazy\" decoding=\"async\" class=\" wp-image-539 alignleft\" src=\"https:\/\/sanmateofundaciongt.org\/wp-content\/uploads\/2024\/01\/54-Caficultura-Inf-4-e1705411369732-300x163.jpg\" alt=\"\" width=\"521\" height=\"283\" srcset=\"https:\/\/sanmateofundaciongt.org\/wp-content\/uploads\/2024\/01\/54-Caficultura-Inf-4-e1705411369732-300x163.jpg 300w, https:\/\/sanmateofundaciongt.org\/wp-content\/uploads\/2024\/01\/54-Caficultura-Inf-4-e1705411369732-1024x558.jpg 1024w, https:\/\/sanmateofundaciongt.org\/wp-content\/uploads\/2024\/01\/54-Caficultura-Inf-4-e1705411369732-768x418.jpg 768w, https:\/\/sanmateofundaciongt.org\/wp-content\/uploads\/2024\/01\/54-Caficultura-Inf-4-e1705411369732-1536x836.jpg 1536w, https:\/\/sanmateofundaciongt.org\/wp-content\/uploads\/2024\/01\/54-Caficultura-Inf-4-e1705411369732.jpg 1653w\" sizes=\"auto, (max-width: 521px) 100vw, 521px\" \/><\/p>\n<p>&nbsp;<\/p>\n<h6>Con este esquema tan importante, el sector cafetalero de Alta Verapaz requiere de t\u00e9cnicos y personas que conozcan y dominen este tema, es por eso que el Bachillerato en Ciencias y letras con Diplomado en Caficultura se enfoca en la formaci\u00f3n, preparaci\u00f3n y tecnificaci\u00f3n de mano de obra calificada de los j\u00f3venes estudiantes para que puedan desempe\u00f1arse eficientemente y con \u00e9xito en esta regi\u00f3n eminentemente cafetalera.<\/h6>\n<p>&nbsp;<\/p>\n<p>&nbsp;<\/p>\n<p>&nbsp;<\/p>\n<h6><img loading=\"lazy\" decoding=\"async\" class=\"wp-image-540  alignright\" src=\"https:\/\/sanmateofundaciongt.org\/wp-content\/uploads\/2024\/01\/55-Caficultura-Inf-5-e1705682546467-300x171.jpg\" alt=\"\" width=\"489\" height=\"279\" srcset=\"https:\/\/sanmateofundaciongt.org\/wp-content\/uploads\/2024\/01\/55-Caficultura-Inf-5-e1705682546467-300x171.jpg 300w, https:\/\/sanmateofundaciongt.org\/wp-content\/uploads\/2024\/01\/55-Caficultura-Inf-5-e1705682546467-1024x585.jpg 1024w, https:\/\/sanmateofundaciongt.org\/wp-content\/uploads\/2024\/01\/55-Caficultura-Inf-5-e1705682546467-768x439.jpg 768w, https:\/\/sanmateofundaciongt.org\/wp-content\/uploads\/2024\/01\/55-Caficultura-Inf-5-e1705682546467-1536x877.jpg 1536w, https:\/\/sanmateofundaciongt.org\/wp-content\/uploads\/2024\/01\/55-Caficultura-Inf-5-e1705682546467.jpg 1576w\" sizes=\"auto, (max-width: 489px) 100vw, 489px\" \/>Durante el desarrollo de la carrera, el estudiante conocer\u00e1 y desarrollar\u00e1 con excelencia acad\u00e9mica las capacidades y conocimientos pr\u00e1cticos en las ciencias agr\u00edcolas enfocado directamente en todo el tema de la caficultura a trav\u00e9s de un intenso y riguroso programa de estudios y pr\u00e1cticas en campo, dirigido y apoyado directamente por Ingenieros y T\u00e9cnicos de la regio IV de Anacaf\u00e9 hacia los j\u00f3venes, hombres y mujeres que demuestran amor a la tierra; adem\u00e1s, se le anima a desarrollar actitud positiva, colaboradora y participativa en la pr\u00e1ctica diaria mientras se forman.<\/h6>\n<p>&nbsp;<\/p>\n<p><img loading=\"lazy\" decoding=\"async\" class=\" wp-image-541 alignleft\" src=\"https:\/\/sanmateofundaciongt.org\/wp-content\/uploads\/2024\/01\/56-Caficultura-Inf-6-e1705358207296-300x175.jpg\" alt=\"\" width=\"487\" height=\"284\" srcset=\"https:\/\/sanmateofundaciongt.org\/wp-content\/uploads\/2024\/01\/56-Caficultura-Inf-6-e1705358207296-300x175.jpg 300w, https:\/\/sanmateofundaciongt.org\/wp-content\/uploads\/2024\/01\/56-Caficultura-Inf-6-e1705358207296-1024x598.jpg 1024w, https:\/\/sanmateofundaciongt.org\/wp-content\/uploads\/2024\/01\/56-Caficultura-Inf-6-e1705358207296-768x449.jpg 768w, https:\/\/sanmateofundaciongt.org\/wp-content\/uploads\/2024\/01\/56-Caficultura-Inf-6-e1705358207296-1536x898.jpg 1536w, https:\/\/sanmateofundaciongt.org\/wp-content\/uploads\/2024\/01\/56-Caficultura-Inf-6-e1705358207296.jpg 1540w\" sizes=\"auto, (max-width: 487px) 100vw, 487px\" \/><\/p>\n<p>&nbsp;<\/p>\n<p>&nbsp;<\/p>\n<h6><\/h6>\n<h6>Adem\u00e1s el Centro Educativo San Mateo brinda los conocimientos tecnol\u00f3gicos, aptitudes, habilidades y destrezas necesarias para que su desempe\u00f1o en el campo laboral lo desarrolle con propiedad y capacidad para ejercer la profesi\u00f3n con alta eficiencia.<\/h6>\n<p>&nbsp;<\/p>\n<p>&nbsp;<\/p>\n","protected":false},"excerpt":{"rendered":"<p>&nbsp; &nbsp; &nbsp; De acuerdo con algunos estudios se ha determinado que el caf\u00e9 es la segunda bebida m\u00e1s consumida en el mundo despu\u00e9s del agua.\u00a0 El caf\u00e9 en Guatemala, es uno de los productos m\u00e1s importantes de la econom\u00eda del pa\u00eds, debido a su alta calidad es considerada como una de las regiones productoras [&hellip;]<\/p>\n","protected":false},"author":1,"featured_media":342,"parent":0,"menu_order":0,"comment_status":"closed","ping_status":"closed","template":"","meta":{"footnotes":""},"class_list":["post-341","page","type-page","status-publish","has-post-thumbnail","hentry"],"acf":[],"_links":{"self":[{"href":"https:\/\/sanmateofundaciongt.org\/index.php?rest_route=\/wp\/v2\/pages\/341","targetHints":{"allow":["GET"]}}],"collection":[{"href":"https:\/\/sanmateofundaciongt.org\/index.php?rest_route=\/wp\/v2\/pages"}],"about":[{"href":"https:\/\/sanmateofundaciongt.org\/index.php?rest_route=\/wp\/v2\/types\/page"}],"author":[{"embeddable":true,"href":"https:\/\/sanmateofundaciongt.org\/index.php?rest_route=\/wp\/v2\/users\/1"}],"replies":[{"embeddable":true,"href":"https:\/\/sanmateofundaciongt.org\/index.php?rest_route=%2Fwp%2Fv2%2Fcomments&post=341"}],"version-history":[{"count":13,"href":"https:\/\/sanmateofundaciongt.org\/index.php?rest_route=\/wp\/v2\/pages\/341\/revisions"}],"predecessor-version":[{"id":536,"href":"https:\/\/sanmateofundaciongt.org\/index.php?rest_route=\/wp\/v2\/pages\/341\/revisions\/536"}],"wp:featuredmedia":[{"embeddable":true,"href":"https:\/\/sanmateofundaciongt.org\/index.php?rest_route=\/wp\/v2\/media\/342"}],"wp:attachment":[{"href":"https:\/\/sanmateofundaciongt.org\/index.php?rest_route=%2Fwp%2Fv2%2Fmedia&parent=341"}],"curies":[{"name":"wp","href":"https:\/\/api.w.org\/{rel}","templated":true}]}}