{"id":351,"date":"2024-01-11T20:28:01","date_gmt":"2024-01-12T02:28:01","guid":{"rendered":"http:\/\/localhost:8085\/?page_id=351"},"modified":"2024-01-19T11:09:58","modified_gmt":"2024-01-19T17:09:58","slug":"bachilleratocomputacion","status":"publish","type":"page","link":"https:\/\/sanmateofundaciongt.org\/?page_id=351","title":{"rendered":"Bachillerato En Ciencias Y Letras En Computaci\u00f3n"},"content":{"rendered":"<h6><\/h6>\n<h6>En el mundo actual el uso de la computadora y el conocimiento de los sistemas inform\u00e1ticos es una llave que nos puede llevar a descubrir muchas cosas que nos beneficien, tales como, maximizar y ganar tiempo, automatizar o adelantar procesos, ahorro de materiales y costos, entre otras cosas.<\/h6>\n<p>&nbsp;<\/p>\n<p><img loading=\"lazy\" decoding=\"async\" class=\"wp-image-543 aligncenter\" src=\"https:\/\/sanmateofundaciongt.org\/wp-content\/uploads\/2024\/01\/59-Compu-Inf-1-e1705359150617-300x159.jpg\" alt=\"\" width=\"994\" height=\"527\" srcset=\"https:\/\/sanmateofundaciongt.org\/wp-content\/uploads\/2024\/01\/59-Compu-Inf-1-e1705359150617-300x159.jpg 300w, https:\/\/sanmateofundaciongt.org\/wp-content\/uploads\/2024\/01\/59-Compu-Inf-1-e1705359150617-1024x542.jpg 1024w, https:\/\/sanmateofundaciongt.org\/wp-content\/uploads\/2024\/01\/59-Compu-Inf-1-e1705359150617-768x407.jpg 768w, https:\/\/sanmateofundaciongt.org\/wp-content\/uploads\/2024\/01\/59-Compu-Inf-1-e1705359150617.jpg 1280w\" sizes=\"auto, (max-width: 994px) 100vw, 994px\" \/><\/p>\n<p>&nbsp;<\/p>\n<p><img loading=\"lazy\" decoding=\"async\" class=\" wp-image-544 alignright\" src=\"https:\/\/sanmateofundaciongt.org\/wp-content\/uploads\/2024\/01\/60-Compu-inf-2-300x225.jpg\" alt=\"\" width=\"513\" height=\"385\" srcset=\"https:\/\/sanmateofundaciongt.org\/wp-content\/uploads\/2024\/01\/60-Compu-inf-2-300x225.jpg 300w, https:\/\/sanmateofundaciongt.org\/wp-content\/uploads\/2024\/01\/60-Compu-inf-2-1024x768.jpg 1024w, https:\/\/sanmateofundaciongt.org\/wp-content\/uploads\/2024\/01\/60-Compu-inf-2-768x576.jpg 768w, https:\/\/sanmateofundaciongt.org\/wp-content\/uploads\/2024\/01\/60-Compu-inf-2.jpg 1280w\" sizes=\"auto, (max-width: 513px) 100vw, 513px\" \/><\/p>\n<p>&nbsp;<\/p>\n<p>&nbsp;<\/p>\n<p>&nbsp;<\/p>\n<h6>Esta ciencia comprende diversas ramas de especialidad que identifican aspectos conceptuales y te\u00f3ricos y pr\u00e1cticos que pueden ser aplicados para resolver problemas del mundo real ya que se ocupan del estudio de la computaci\u00f3n, informaci\u00f3n y automatizaci\u00f3n. Si bien tienen un componente te\u00f3rico importante, tambi\u00e9n tienen aplicaci\u00f3n y car\u00e1cter pr\u00e1ctico e incluso emp\u00edrico y su naturaleza es interdisciplinar.<\/h6>\n<p>&nbsp;<\/p>\n<p>&nbsp;<\/p>\n<p>&nbsp;<\/p>\n<p>&nbsp;<\/p>\n<p><img loading=\"lazy\" decoding=\"async\" class=\" wp-image-545 alignleft\" src=\"https:\/\/sanmateofundaciongt.org\/wp-content\/uploads\/2024\/01\/61-Compu-Inf-3-300x169.jpg\" alt=\"\" width=\"586\" height=\"330\" srcset=\"https:\/\/sanmateofundaciongt.org\/wp-content\/uploads\/2024\/01\/61-Compu-Inf-3-300x169.jpg 300w, https:\/\/sanmateofundaciongt.org\/wp-content\/uploads\/2024\/01\/61-Compu-Inf-3-1024x576.jpg 1024w, https:\/\/sanmateofundaciongt.org\/wp-content\/uploads\/2024\/01\/61-Compu-Inf-3-768x432.jpg 768w, https:\/\/sanmateofundaciongt.org\/wp-content\/uploads\/2024\/01\/61-Compu-Inf-3-1536x864.jpg 1536w, https:\/\/sanmateofundaciongt.org\/wp-content\/uploads\/2024\/01\/61-Compu-Inf-3-2048x1152.jpg 2048w\" sizes=\"auto, (max-width: 586px) 100vw, 586px\" \/><\/p>\n<p>&nbsp;<\/p>\n<p>&nbsp;<\/p>\n<h6>Casi todo lo que conocemos actualmente est\u00e1 influenciado directa o indirectamente por la computaci\u00f3n, su uso se ha generalizado en todos los \u00e1mbitos dando paso a la creaci\u00f3n de un perfil profesional que domine sistemas de software, hardware, inform\u00e1tica y m\u00e1s, todos parte de este campo de estudio.<\/h6>\n<p>&nbsp;<\/p>\n<p>&nbsp;<\/p>\n<p><img loading=\"lazy\" decoding=\"async\" class=\"wp-image-546 alignright\" src=\"https:\/\/sanmateofundaciongt.org\/wp-content\/uploads\/2024\/01\/62-Compu-Inf-4-e1705583029135-300x289.jpg\" alt=\"\" width=\"414\" height=\"399\" srcset=\"https:\/\/sanmateofundaciongt.org\/wp-content\/uploads\/2024\/01\/62-Compu-Inf-4-e1705583029135-300x289.jpg 300w, https:\/\/sanmateofundaciongt.org\/wp-content\/uploads\/2024\/01\/62-Compu-Inf-4-e1705583029135.jpg 755w\" sizes=\"auto, (max-width: 414px) 100vw, 414px\" \/><\/p>\n<p>&nbsp;<\/p>\n<p>&nbsp;<\/p>\n<p>&nbsp;<\/p>\n<h6>Comprendiendo muy bien estas razones el Centro Educativo San Mateo dispone de la Carrera del Bachillerato en Ciencias y Letras en Computaci\u00f3n, al alcance de los j\u00f3venes estudiantes con una formaci\u00f3n integral, a trav\u00e9s del conocimiento y aplicaci\u00f3n de la Tecnolog\u00eda de Punta, con la finalidad de preparar profesionales capaces de aportar soluciones a los problemas sociales y de poder afrontar un mundo moderno, competitivo y globalizado.<\/h6>\n<p>&nbsp;<\/p>\n<p>&nbsp;<\/p>\n<p>&nbsp;<\/p>\n<p><img loading=\"lazy\" decoding=\"async\" class=\" wp-image-547 alignleft\" src=\"https:\/\/sanmateofundaciongt.org\/wp-content\/uploads\/2024\/01\/63-Compu-Inf-5-300x225.jpg\" alt=\"\" width=\"449\" height=\"337\" srcset=\"https:\/\/sanmateofundaciongt.org\/wp-content\/uploads\/2024\/01\/63-Compu-Inf-5-300x225.jpg 300w, https:\/\/sanmateofundaciongt.org\/wp-content\/uploads\/2024\/01\/63-Compu-Inf-5-1024x768.jpg 1024w, https:\/\/sanmateofundaciongt.org\/wp-content\/uploads\/2024\/01\/63-Compu-Inf-5-768x576.jpg 768w, https:\/\/sanmateofundaciongt.org\/wp-content\/uploads\/2024\/01\/63-Compu-Inf-5.jpg 1280w\" sizes=\"auto, (max-width: 449px) 100vw, 449px\" \/><\/p>\n<p>&nbsp;<\/p>\n<p>&nbsp;<\/p>\n<h6>Mediante el aprovechamiento de la Tecnolog\u00eda Inform\u00e1tica, brindamos una educaci\u00f3n integral y acad\u00e9mica para el desempe\u00f1o de su profesi\u00f3n y\/o para continuar sus estudios en cualquier universidad. Nuestra labor se basa en est\u00e1ndares altos y responsables, aplicamos metodolog\u00edas que permiten el desarrollo integral de las personas en el contexto en que se desenvuelven, convirtiendo el uso de la tecnolog\u00eda en una herramienta fundamental para sus actividades diarias.<\/h6>\n<p>&nbsp;<\/p>\n<p>&nbsp;<\/p>\n<p>&nbsp;<\/p>\n<h6>Con alta calidad acad\u00e9mica y humana de los j\u00f3venes que forma, por su dedicaci\u00f3n en la b\u00fasqueda constante de la excelencia acad\u00e9mica y por el profesionalismo y excelente desempe\u00f1o, el Centro Educativo San Mateo y la Carrera del Bachillerato en Ciencias y Letras en Computaci\u00f3n se enfocan en brindar herramientas tecnol\u00f3gicas de \u00faltima generaci\u00f3n a nuestros estudiantes para enfrentar un mundo laboral globalizado y muy competitivo, formando profesionales id\u00f3neos con calidad humana, \u00e9tica, valores, excelencia acad\u00e9mica, compromiso social, capacidad cr\u00edtica y creativa para potenciar el desarrollo de la ciencia y la tecnolog\u00eda en el \u00e1rea de la computaci\u00f3n en concordancia con los requerimientos de la sociedad y sus instituciones, para desempe\u00f1arse con \u00e9xito en el \u00e1mbito regional.<\/h6>\n<p>&nbsp;<\/p>\n<p><img loading=\"lazy\" decoding=\"async\" class=\"wp-image-548 aligncenter\" src=\"https:\/\/sanmateofundaciongt.org\/wp-content\/uploads\/2024\/01\/64-Compu-Inf-6-scaled-e1705583119830-300x140.jpg\" alt=\"\" width=\"1030\" height=\"481\" srcset=\"https:\/\/sanmateofundaciongt.org\/wp-content\/uploads\/2024\/01\/64-Compu-Inf-6-scaled-e1705583119830-300x140.jpg 300w, https:\/\/sanmateofundaciongt.org\/wp-content\/uploads\/2024\/01\/64-Compu-Inf-6-scaled-e1705583119830-1024x479.jpg 1024w, https:\/\/sanmateofundaciongt.org\/wp-content\/uploads\/2024\/01\/64-Compu-Inf-6-scaled-e1705583119830-768x359.jpg 768w, https:\/\/sanmateofundaciongt.org\/wp-content\/uploads\/2024\/01\/64-Compu-Inf-6-scaled-e1705583119830-1536x719.jpg 1536w, https:\/\/sanmateofundaciongt.org\/wp-content\/uploads\/2024\/01\/64-Compu-Inf-6-scaled-e1705583119830-2048x958.jpg 2048w\" sizes=\"auto, (max-width: 1030px) 100vw, 1030px\" \/><\/p>\n","protected":false},"excerpt":{"rendered":"<p>En el mundo actual el uso de la computadora y el conocimiento de los sistemas inform\u00e1ticos es una llave que nos puede llevar a descubrir muchas cosas que nos beneficien, tales como, maximizar y ganar tiempo, automatizar o adelantar procesos, ahorro de materiales y costos, entre otras cosas. &nbsp; &nbsp; &nbsp; &nbsp; &nbsp; Esta ciencia [&hellip;]<\/p>\n","protected":false},"author":1,"featured_media":352,"parent":0,"menu_order":0,"comment_status":"closed","ping_status":"closed","template":"","meta":{"footnotes":""},"class_list":["post-351","page","type-page","status-publish","has-post-thumbnail","hentry"],"acf":[],"_links":{"self":[{"href":"https:\/\/sanmateofundaciongt.org\/index.php?rest_route=\/wp\/v2\/pages\/351","targetHints":{"allow":["GET"]}}],"collection":[{"href":"https:\/\/sanmateofundaciongt.org\/index.php?rest_route=\/wp\/v2\/pages"}],"about":[{"href":"https:\/\/sanmateofundaciongt.org\/index.php?rest_route=\/wp\/v2\/types\/page"}],"author":[{"embeddable":true,"href":"https:\/\/sanmateofundaciongt.org\/index.php?rest_route=\/wp\/v2\/users\/1"}],"replies":[{"embeddable":true,"href":"https:\/\/sanmateofundaciongt.org\/index.php?rest_route=%2Fwp%2Fv2%2Fcomments&post=351"}],"version-history":[{"count":8,"href":"https:\/\/sanmateofundaciongt.org\/index.php?rest_route=\/wp\/v2\/pages\/351\/revisions"}],"predecessor-version":[{"id":781,"href":"https:\/\/sanmateofundaciongt.org\/index.php?rest_route=\/wp\/v2\/pages\/351\/revisions\/781"}],"wp:featuredmedia":[{"embeddable":true,"href":"https:\/\/sanmateofundaciongt.org\/index.php?rest_route=\/wp\/v2\/media\/352"}],"wp:attachment":[{"href":"https:\/\/sanmateofundaciongt.org\/index.php?rest_route=%2Fwp%2Fv2%2Fmedia&parent=351"}],"curies":[{"name":"wp","href":"https:\/\/api.w.org\/{rel}","templated":true}]}}