{"id":376,"date":"2024-01-11T20:45:56","date_gmt":"2024-01-12T02:45:56","guid":{"rendered":"http:\/\/localhost:8085\/?page_id=376"},"modified":"2024-02-07T10:33:19","modified_gmt":"2024-02-07T16:33:19","slug":"informacion-de-ingreso","status":"publish","type":"page","link":"https:\/\/sanmateofundaciongt.org\/?page_id=376","title":{"rendered":"Informaci\u00f3n de Ingreso"},"content":{"rendered":"<p>&nbsp;<\/p>\n<p>&nbsp;<\/p>\n<h1 style=\"text-align: center;\">Selecci\u00f3n<\/h1>\n<p>&nbsp;<\/p>\n<h4>Debido a la alta demanda educativa que se tiene en Senah\u00fa, se ha definido limite de ingresos anuales para estudiantes de primer ingreso, esto con la finalidad de brindar mejor atenci\u00f3n educativa a nuestros estudiantes.<\/h4>\n<p>&nbsp;<\/p>\n<h4><strong>Proceso de selecci\u00f3n:<\/strong><\/h4>\n<p>&nbsp;<\/p>\n<ol>\n<li>\n<h4>Publicaci\u00f3n abierta a inscripciones para el nuevo Ciclo Escolar.<\/h4>\n<\/li>\n<li>\n<h4>Publicaci\u00f3n de fechas para ex\u00e1menes de admisi\u00f3n.<\/h4>\n<\/li>\n<li>\n<h4>Entrega de temarios para ex\u00e1menes de admisi\u00f3n a postulantes de Nivel B\u00e1sico y Diversificado.<\/h4>\n<\/li>\n<\/ol>\n<h1><\/h1>\n<p>&nbsp;<\/p>\n<h1 style=\"text-align: center;\">Examen de Admisi\u00f3n<\/h1>\n<p>&nbsp;<\/p>\n<h4>Centro Educativo San Mateo cuenta con dos tipos de examen de admisi\u00f3n. Para Nivel B\u00e1sico se realizan tres pruebas objetivas: Comunicaci\u00f3n y Lenguaje, Matematicas y psicom\u00e9trico; para Nivel Diversificado se realizan cuatro pruebas objetivas: Comunicaci\u00f3n y Lenguaje, Matem\u00e1ticas, psicom\u00e9trico y de especialidad (\u00c1rea a estudiar).<\/h4>\n<h4><\/h4>\n<p>&nbsp;<\/p>\n<h4><b>Proceso de admisi\u00f3n:<\/b><\/h4>\n<p>&nbsp;<\/p>\n<ol>\n<li>\n<h4>Visita al Centro Educativo para definir fecha de la evaluaci\u00f3n.<\/h4>\n<\/li>\n<li>\n<h4>Prueba de admisi\u00f3n.<\/h4>\n<\/li>\n<li>\n<h4>Entrevista a padres de familia y\/o responsables del estudiante.<\/h4>\n<\/li>\n<li>\n<h4>Revisi\u00f3n de la prueba de admisi\u00f3n.<\/h4>\n<\/li>\n<li>\n<h4><img loading=\"lazy\" decoding=\"async\" class=\"wp-image-831 alignright\" src=\"https:\/\/sanmateofundaciongt.org\/wp-content\/uploads\/2024\/02\/Admision-300x169.jpeg\" alt=\"\" width=\"745\" height=\"420\" srcset=\"https:\/\/sanmateofundaciongt.org\/wp-content\/uploads\/2024\/02\/Admision-300x169.jpeg 300w, https:\/\/sanmateofundaciongt.org\/wp-content\/uploads\/2024\/02\/Admision-1024x576.jpeg 1024w, https:\/\/sanmateofundaciongt.org\/wp-content\/uploads\/2024\/02\/Admision-768x432.jpeg 768w, https:\/\/sanmateofundaciongt.org\/wp-content\/uploads\/2024\/02\/Admision-1536x864.jpeg 1536w, https:\/\/sanmateofundaciongt.org\/wp-content\/uploads\/2024\/02\/Admision.jpeg 1599w\" sizes=\"auto, (max-width: 745px) 100vw, 745px\" \/>Contacto con los encargados para informar si el estudiante fue &#8220;APROBADO&#8221; o &#8220;REPROBADO&#8221;.<\/h4>\n<\/li>\n<\/ol>\n<h4 style=\"text-align: center;\"><\/h4>\n<p>&nbsp;<\/p>\n<p>&nbsp;<\/p>\n<p>&nbsp;<\/p>\n<p>&nbsp;<\/p>\n<p>&nbsp;<\/p>\n<p>&nbsp;<\/p>\n<p>&nbsp;<\/p>\n<p>&nbsp;<\/p>\n<p>&nbsp;<\/p>\n<h1><\/h1>\n<h1><\/h1>\n<h1 style=\"text-align: center;\">Escuela de Vacaciones<\/h1>\n<p>&nbsp;<\/p>\n<h4>Durante el mes de noviembre se lleva a cabo la &#8220;Escuela de Vacaciones&#8221;, esta tiene como finalidad fortalecer los desaf\u00edos que pueden presentar los estudiantes regulares, as\u00ed como los de primer ingreso. Se recomienda a los padres de familia y\/o encargados que los estudiantes asistan a la Escuela de Vacaciones para poder facilitar la adaptaci\u00f3n al Centro Educativo.<\/h4>\n<h4><\/h4>\n<p>&nbsp;<\/p>\n<h4>En la Escuela de vacaciones se realizan diversas actividades como:<\/h4>\n<p>&nbsp;<\/p>\n<h4><img loading=\"lazy\" decoding=\"async\" class=\" wp-image-832 alignright\" src=\"https:\/\/sanmateofundaciongt.org\/wp-content\/uploads\/2024\/02\/Escuela-de-vacaciones-300x225.jpeg\" alt=\"\" width=\"711\" height=\"533\" srcset=\"https:\/\/sanmateofundaciongt.org\/wp-content\/uploads\/2024\/02\/Escuela-de-vacaciones-300x225.jpeg 300w, https:\/\/sanmateofundaciongt.org\/wp-content\/uploads\/2024\/02\/Escuela-de-vacaciones-1024x768.jpeg 1024w, https:\/\/sanmateofundaciongt.org\/wp-content\/uploads\/2024\/02\/Escuela-de-vacaciones-768x576.jpeg 768w, https:\/\/sanmateofundaciongt.org\/wp-content\/uploads\/2024\/02\/Escuela-de-vacaciones.jpeg 1280w\" sizes=\"auto, (max-width: 711px) 100vw, 711px\" \/><\/h4>\n<p>&nbsp;<\/p>\n<ul>\n<li style=\"list-style-type: none;\">\n<ol>\n<li>\n<h4>Manejo de Herramientas tecnol\u00f3gicas<\/h4>\n<\/li>\n<li>\n<h4>M\u00e9todos de estudio<\/h4>\n<\/li>\n<li>\n<h4>Aprendizaje Activo<\/h4>\n<\/li>\n<li>\n<h4>Danza<\/h4>\n<\/li>\n<li>\n<h4>Ajedrez<\/h4>\n<\/li>\n<li>\n<h4>Manejo de plataformas<\/h4>\n<\/li>\n<li>\n<h4>Educaci\u00f3n f\u00edsica<\/h4>\n<\/li>\n<li>\n<h4>Expresi\u00f3n Art\u00edstica<\/h4>\n<\/li>\n<li>\n<h4>Productividad y Desarrollo<\/h4>\n<\/li>\n<\/ol>\n<\/li>\n<\/ul>\n<p>&nbsp;<\/p>\n<p>&nbsp;<\/p>\n<p>&nbsp;<\/p>\n<p>&nbsp;<\/p>\n<h1 style=\"text-align: center;\"><img loading=\"lazy\" decoding=\"async\" class=\"wp-image-835 alignleft\" src=\"https:\/\/sanmateofundaciongt.org\/wp-content\/uploads\/2024\/02\/WhatsApp-Image-2024-02-07-at-10.18.26-AM-171x300.jpeg\" alt=\"\" width=\"314\" height=\"550\" srcset=\"https:\/\/sanmateofundaciongt.org\/wp-content\/uploads\/2024\/02\/WhatsApp-Image-2024-02-07-at-10.18.26-AM-171x300.jpeg 171w, https:\/\/sanmateofundaciongt.org\/wp-content\/uploads\/2024\/02\/WhatsApp-Image-2024-02-07-at-10.18.26-AM-585x1024.jpeg 585w, https:\/\/sanmateofundaciongt.org\/wp-content\/uploads\/2024\/02\/WhatsApp-Image-2024-02-07-at-10.18.26-AM-768x1344.jpeg 768w, https:\/\/sanmateofundaciongt.org\/wp-content\/uploads\/2024\/02\/WhatsApp-Image-2024-02-07-at-10.18.26-AM-877x1536.jpeg 877w, https:\/\/sanmateofundaciongt.org\/wp-content\/uploads\/2024\/02\/WhatsApp-Image-2024-02-07-at-10.18.26-AM.jpeg 914w\" sizes=\"auto, (max-width: 314px) 100vw, 314px\" \/><\/h1>\n<p><img loading=\"lazy\" decoding=\"async\" class=\"wp-image-836 alignright\" src=\"https:\/\/sanmateofundaciongt.org\/wp-content\/uploads\/2024\/02\/WhatsApp-Image-2024-02-07-at-8.46.31-AM-300x225.jpeg\" alt=\"\" width=\"710\" height=\"533\" srcset=\"https:\/\/sanmateofundaciongt.org\/wp-content\/uploads\/2024\/02\/WhatsApp-Image-2024-02-07-at-8.46.31-AM-300x225.jpeg 300w, https:\/\/sanmateofundaciongt.org\/wp-content\/uploads\/2024\/02\/WhatsApp-Image-2024-02-07-at-8.46.31-AM-1024x768.jpeg 1024w, https:\/\/sanmateofundaciongt.org\/wp-content\/uploads\/2024\/02\/WhatsApp-Image-2024-02-07-at-8.46.31-AM-768x576.jpeg 768w, https:\/\/sanmateofundaciongt.org\/wp-content\/uploads\/2024\/02\/WhatsApp-Image-2024-02-07-at-8.46.31-AM-1536x1152.jpeg 1536w, https:\/\/sanmateofundaciongt.org\/wp-content\/uploads\/2024\/02\/WhatsApp-Image-2024-02-07-at-8.46.31-AM.jpeg 1600w\" sizes=\"auto, (max-width: 710px) 100vw, 710px\" \/><\/p>\n<p>&nbsp;<\/p>\n<p>&nbsp;<\/p>\n<p>&nbsp;<\/p>\n<p>&nbsp;<\/p>\n<p>&nbsp;<\/p>\n<p>&nbsp;<\/p>\n<p>&nbsp;<\/p>\n<p>&nbsp;<\/p>\n<p>&nbsp;<\/p>\n<p>&nbsp;<\/p>\n<p>&nbsp;<\/p>\n<p>&nbsp;<\/p>\n<p>&nbsp;<\/p>\n<p>&nbsp;<\/p>\n<p>&nbsp;<\/p>\n<p>&nbsp;<\/p>\n<p>&nbsp;<\/p>\n<p>&nbsp;<\/p>\n<p>&nbsp;<\/p>\n<p>&nbsp;<\/p>\n<p>&nbsp;<\/p>\n","protected":false},"excerpt":{"rendered":"<p>&nbsp; &nbsp; Selecci\u00f3n &nbsp; Debido a la alta demanda educativa que se tiene en Senah\u00fa, se ha definido limite de ingresos anuales para estudiantes de primer ingreso, esto con la finalidad de brindar mejor atenci\u00f3n educativa a nuestros estudiantes. &nbsp; Proceso de selecci\u00f3n: &nbsp; Publicaci\u00f3n abierta a inscripciones para el nuevo Ciclo Escolar. Publicaci\u00f3n de [&hellip;]<\/p>\n","protected":false},"author":1,"featured_media":124,"parent":0,"menu_order":0,"comment_status":"closed","ping_status":"closed","template":"","meta":{"footnotes":""},"class_list":["post-376","page","type-page","status-publish","has-post-thumbnail","hentry"],"acf":[],"_links":{"self":[{"href":"https:\/\/sanmateofundaciongt.org\/index.php?rest_route=\/wp\/v2\/pages\/376","targetHints":{"allow":["GET"]}}],"collection":[{"href":"https:\/\/sanmateofundaciongt.org\/index.php?rest_route=\/wp\/v2\/pages"}],"about":[{"href":"https:\/\/sanmateofundaciongt.org\/index.php?rest_route=\/wp\/v2\/types\/page"}],"author":[{"embeddable":true,"href":"https:\/\/sanmateofundaciongt.org\/index.php?rest_route=\/wp\/v2\/users\/1"}],"replies":[{"embeddable":true,"href":"https:\/\/sanmateofundaciongt.org\/index.php?rest_route=%2Fwp%2Fv2%2Fcomments&post=376"}],"version-history":[{"count":7,"href":"https:\/\/sanmateofundaciongt.org\/index.php?rest_route=\/wp\/v2\/pages\/376\/revisions"}],"predecessor-version":[{"id":839,"href":"https:\/\/sanmateofundaciongt.org\/index.php?rest_route=\/wp\/v2\/pages\/376\/revisions\/839"}],"wp:featuredmedia":[{"embeddable":true,"href":"https:\/\/sanmateofundaciongt.org\/index.php?rest_route=\/wp\/v2\/media\/124"}],"wp:attachment":[{"href":"https:\/\/sanmateofundaciongt.org\/index.php?rest_route=%2Fwp%2Fv2%2Fmedia&parent=376"}],"curies":[{"name":"wp","href":"https:\/\/api.w.org\/{rel}","templated":true}]}}