{"id":576,"date":"2024-01-16T07:40:17","date_gmt":"2024-01-16T13:40:17","guid":{"rendered":"https:\/\/sanmateofundaciongt.org\/?page_id=576"},"modified":"2024-01-19T11:22:30","modified_gmt":"2024-01-19T17:22:30","slug":"vision","status":"publish","type":"page","link":"https:\/\/sanmateofundaciongt.org\/?page_id=576","title":{"rendered":"VISI\u00d3N"},"content":{"rendered":"<h6>Ser una organizaci\u00f3n reconocida y de referencia, enfocada en la formaci\u00f3n de personas de manera integral, brindando 0oportunidades educativas serias y responsables que permita poner las bases necesarias para encontrar la autosuficiencia<\/h6>\n<p>&nbsp;<\/p>\n<p><img loading=\"lazy\" decoding=\"async\" class=\" wp-image-577 aligncenter\" src=\"https:\/\/sanmateofundaciongt.org\/wp-content\/uploads\/2024\/01\/03-Inicio-Vision-scaled-e1705412382263-300x167.jpg\" alt=\"\" width=\"1076\" height=\"599\" srcset=\"https:\/\/sanmateofundaciongt.org\/wp-content\/uploads\/2024\/01\/03-Inicio-Vision-scaled-e1705412382263-300x167.jpg 300w, https:\/\/sanmateofundaciongt.org\/wp-content\/uploads\/2024\/01\/03-Inicio-Vision-scaled-e1705412382263-1024x570.jpg 1024w, https:\/\/sanmateofundaciongt.org\/wp-content\/uploads\/2024\/01\/03-Inicio-Vision-scaled-e1705412382263-768x428.jpg 768w, https:\/\/sanmateofundaciongt.org\/wp-content\/uploads\/2024\/01\/03-Inicio-Vision-scaled-e1705412382263-1536x855.jpg 1536w, https:\/\/sanmateofundaciongt.org\/wp-content\/uploads\/2024\/01\/03-Inicio-Vision-scaled-e1705412382263-2048x1140.jpg 2048w\" sizes=\"auto, (max-width: 1076px) 100vw, 1076px\" \/><\/p>\n<p>&nbsp;<\/p>\n","protected":false},"excerpt":{"rendered":"<p>Ser una organizaci\u00f3n reconocida y de referencia, enfocada en la formaci\u00f3n de personas de manera integral, brindando 0oportunidades educativas serias y responsables que permita poner las bases necesarias para encontrar la autosuficiencia &nbsp; &nbsp;<\/p>\n","protected":false},"author":1,"featured_media":574,"parent":0,"menu_order":0,"comment_status":"closed","ping_status":"closed","template":"","meta":{"footnotes":""},"class_list":["post-576","page","type-page","status-publish","has-post-thumbnail","hentry"],"acf":[],"_links":{"self":[{"href":"https:\/\/sanmateofundaciongt.org\/index.php?rest_route=\/wp\/v2\/pages\/576","targetHints":{"allow":["GET"]}}],"collection":[{"href":"https:\/\/sanmateofundaciongt.org\/index.php?rest_route=\/wp\/v2\/pages"}],"about":[{"href":"https:\/\/sanmateofundaciongt.org\/index.php?rest_route=\/wp\/v2\/types\/page"}],"author":[{"embeddable":true,"href":"https:\/\/sanmateofundaciongt.org\/index.php?rest_route=\/wp\/v2\/users\/1"}],"replies":[{"embeddable":true,"href":"https:\/\/sanmateofundaciongt.org\/index.php?rest_route=%2Fwp%2Fv2%2Fcomments&post=576"}],"version-history":[{"count":6,"href":"https:\/\/sanmateofundaciongt.org\/index.php?rest_route=\/wp\/v2\/pages\/576\/revisions"}],"predecessor-version":[{"id":796,"href":"https:\/\/sanmateofundaciongt.org\/index.php?rest_route=\/wp\/v2\/pages\/576\/revisions\/796"}],"wp:featuredmedia":[{"embeddable":true,"href":"https:\/\/sanmateofundaciongt.org\/index.php?rest_route=\/wp\/v2\/media\/574"}],"wp:attachment":[{"href":"https:\/\/sanmateofundaciongt.org\/index.php?rest_route=%2Fwp%2Fv2%2Fmedia&parent=576"}],"curies":[{"name":"wp","href":"https:\/\/api.w.org\/{rel}","templated":true}]}}