{"id":63,"date":"2024-01-02T20:52:16","date_gmt":"2024-01-03T02:52:16","guid":{"rendered":"http:\/\/localhost:8085\/?page_id=63"},"modified":"2024-01-29T14:42:59","modified_gmt":"2024-01-29T20:42:59","slug":"historia","status":"publish","type":"page","link":"https:\/\/sanmateofundaciongt.org\/?page_id=63","title":{"rendered":"Historia"},"content":{"rendered":"<p>&nbsp;<\/p>\n<p>&nbsp;<\/p>\n<p style=\"text-align: left;\"><img loading=\"lazy\" decoding=\"async\" class=\" wp-image-512 alignleft\" src=\"https:\/\/sanmateofundaciongt.org\/wp-content\/uploads\/2024\/01\/07-Historia-300x225.jpg\" alt=\"\" width=\"481\" height=\"361\" \/><\/p>\n<p>&nbsp;<\/p>\n<h6 style=\"text-align: left;\">Fundaci\u00f3n San Mateo surge del conocimiento y comprensi\u00f3n de las necesidades de las personas en la regi\u00f3n del Valle del Polochic y las tierras altas de Senah\u00fa. La experiencia del servicio y amor al pr\u00f3jimo de Charles Albert durante muchos a\u00f1os en diferentes pa\u00edses especialmente en Latinoam\u00e9rica, junto al trabajo de Willian L\u00f3pez desarrollado durante 12 a\u00f1os, aproximadamente, en el campo de la construcci\u00f3n y supervisi\u00f3n de edificios, en esta \u00e1rea, permiti\u00f3 un mejor acercamiento, vivencia y comprensi\u00f3n de muchas de las situaciones de la vida diaria, motivando asi el deseo de abrir y proveer oportunidades para el progreso de estas comunidades.<\/h6>\n<p>&nbsp;<\/p>\n<p>&nbsp;<\/p>\n<p>&nbsp;<\/p>\n<p>&nbsp;<\/p>\n<p>&nbsp;<\/p>\n<p>&nbsp;<\/p>\n<p>&nbsp;<\/p>\n<p>&nbsp;<\/p>\n<p><img loading=\"lazy\" decoding=\"async\" class=\"wp-image-103 alignright\" src=\"https:\/\/sanmateofundaciongt.org\/wp-content\/uploads\/2024\/01\/08-Historia-1-300x225.jpg\" alt=\"\" width=\"591\" height=\"444\" srcset=\"https:\/\/sanmateofundaciongt.org\/wp-content\/uploads\/2024\/01\/08-Historia-1-300x225.jpg 300w, https:\/\/sanmateofundaciongt.org\/wp-content\/uploads\/2024\/01\/08-Historia-1-1024x768.jpg 1024w, https:\/\/sanmateofundaciongt.org\/wp-content\/uploads\/2024\/01\/08-Historia-1-768x576.jpg 768w, https:\/\/sanmateofundaciongt.org\/wp-content\/uploads\/2024\/01\/08-Historia-1-1536x1152.jpg 1536w, https:\/\/sanmateofundaciongt.org\/wp-content\/uploads\/2024\/01\/08-Historia-1-2048x1536.jpg 2048w\" sizes=\"auto, (max-width: 591px) 100vw, 591px\" \/><\/p>\n<p>&nbsp;<\/p>\n<p>&nbsp;<\/p>\n<p>&nbsp;<\/p>\n<p>&nbsp;<\/p>\n<h6>La idea inicial del Arquitecto Willian L\u00f3pez consisti\u00f3 en crear una organizaci\u00f3n que ayudara a las personas a mejorar sus condiciones de vivienda, tanto en su estructura debido a los rigores del clima, especialmente la lluvia en las regiones de Alta Verapaz, asi como de la distribuci\u00f3n interna de los ambientes, para un mejor desarrollo y relaciones interpersonales, emocionales y psicol\u00f3gicas de la familia.<\/h6>\n<p>&nbsp;<\/p>\n<p>&nbsp;<\/p>\n<p>&nbsp;<\/p>\n<p>&nbsp;<\/p>\n<p>&nbsp;<\/p>\n<p>&nbsp;<\/p>\n<p>&nbsp;<\/p>\n<p>&nbsp;<\/p>\n<p>&nbsp;<\/p>\n<p><img loading=\"lazy\" decoding=\"async\" class=\" wp-image-516 alignleft\" src=\"https:\/\/sanmateofundaciongt.org\/wp-content\/uploads\/2024\/01\/09-Historia-300x224.jpg\" alt=\"\" width=\"581\" height=\"434\" srcset=\"https:\/\/sanmateofundaciongt.org\/wp-content\/uploads\/2024\/01\/09-Historia-300x224.jpg 300w, https:\/\/sanmateofundaciongt.org\/wp-content\/uploads\/2024\/01\/09-Historia-1024x765.jpg 1024w, https:\/\/sanmateofundaciongt.org\/wp-content\/uploads\/2024\/01\/09-Historia-768x574.jpg 768w, https:\/\/sanmateofundaciongt.org\/wp-content\/uploads\/2024\/01\/09-Historia-1536x1147.jpg 1536w, https:\/\/sanmateofundaciongt.org\/wp-content\/uploads\/2024\/01\/09-Historia-2048x1530.jpg 2048w\" sizes=\"auto, (max-width: 581px) 100vw, 581px\" \/><\/p>\n<p>&nbsp;<\/p>\n<p>&nbsp;<\/p>\n<p>&nbsp;<\/p>\n<h6>No fue sino hasta 2009 cuando la propuesta de don Charles Albert se centr\u00f3 en apoyar a las personas con preparaci\u00f3n educativa, el razonamiento planteado fue sencillo: Centrarse en la estructura, organizaci\u00f3n y construcci\u00f3n de las viviendas no producir\u00eda mayores cambios, pero centrarse en la educaci\u00f3n, especialmente en los j\u00f3venes, abrir\u00eda las oportunidades de progreso en todos los niveles y por lo tanto producir\u00eda resultados que cambiar\u00edan su propia vida y la de sus generaciones.<\/h6>\n<p>&nbsp;<\/p>\n<p>&nbsp;<\/p>\n<p>&nbsp;<\/p>\n<p>&nbsp;<\/p>\n<p>&nbsp;<\/p>\n<p>&nbsp;<\/p>\n<p>&nbsp;<\/p>\n<p>&nbsp;<\/p>\n<p style=\"text-align: left;\"><img loading=\"lazy\" decoding=\"async\" class=\" wp-image-517 alignright\" src=\"https:\/\/sanmateofundaciongt.org\/wp-content\/uploads\/2024\/01\/10-Historia-300x224.jpg\" alt=\"\" width=\"580\" height=\"433\" srcset=\"https:\/\/sanmateofundaciongt.org\/wp-content\/uploads\/2024\/01\/10-Historia-300x224.jpg 300w, https:\/\/sanmateofundaciongt.org\/wp-content\/uploads\/2024\/01\/10-Historia-768x574.jpg 768w, https:\/\/sanmateofundaciongt.org\/wp-content\/uploads\/2024\/01\/10-Historia.jpg 1000w\" sizes=\"auto, (max-width: 580px) 100vw, 580px\" \/><\/p>\n<p>&nbsp;<\/p>\n<p>&nbsp;<\/p>\n<h6 style=\"text-align: left;\">El principio b\u00e1sico fue proveer las llaves del conocimiento, preparaci\u00f3n, capacitaci\u00f3n e instrucci\u00f3n a las personas y motivarlos para abrir las puertas de mejoresoportunidades y asi poder hacer verdaderos individuales y cambios en todo su entorno, de ah\u00ed el slogan \u201cEducaci\u00f3n para cambiar vidas\u201d; basado en este principio, se organizaron y pusieron todas las bases para crear Fundaci\u00f3n San Mateo FSM, una organizaci\u00f3n que nos permite llevar a las \u00e1reas m\u00e1s lejanas y menos favorecidas las posibilidades para lograr cambios.<\/h6>\n<p>&nbsp;<\/p>\n<p>&nbsp;<\/p>\n<p>&nbsp;<\/p>\n<p>&nbsp;<\/p>\n<p>&nbsp;<\/p>\n<p>&nbsp;<\/p>\n<p>&nbsp;<\/p>\n<p>&nbsp;<\/p>\n<p><img loading=\"lazy\" decoding=\"async\" class=\" wp-image-518 alignleft\" src=\"https:\/\/sanmateofundaciongt.org\/wp-content\/uploads\/2024\/01\/11-Historia-1-300x225.jpg\" alt=\"\" width=\"579\" height=\"435\" srcset=\"https:\/\/sanmateofundaciongt.org\/wp-content\/uploads\/2024\/01\/11-Historia-1-300x225.jpg 300w, https:\/\/sanmateofundaciongt.org\/wp-content\/uploads\/2024\/01\/11-Historia-1-768x576.jpg 768w, https:\/\/sanmateofundaciongt.org\/wp-content\/uploads\/2024\/01\/11-Historia-1.jpg 800w\" sizes=\"auto, (max-width: 579px) 100vw, 579px\" \/><\/p>\n<p>&nbsp;<\/p>\n<p>&nbsp;<\/p>\n<h6>Al iniciar las operaciones, FSM creo un plan de donaciones para apoyar directamente a la educaci\u00f3n p\u00fablica con la construcci\u00f3n de edificios escolares, proveer mobiliario, equipo, libros y otros materiales, sin embargo, luego de analizar que los resultados no eran los esperados y ni siquiera satisfactorios para los objetivos trazados, fue necesario reorientar la estrategia a seguir. De esta manera se determin\u00f3 que solamente entrando directamente a la educaci\u00f3n y creando los Centros Educativos propios se podr\u00edan producir los verdaderos cambios deseados.<\/h6>\n<p>&nbsp;<\/p>\n<p>&nbsp;<\/p>\n<p>&nbsp;<\/p>\n<p>&nbsp;<\/p>\n<p>&nbsp;<\/p>\n<p>&nbsp;<\/p>\n<p>&nbsp;<\/p>\n<p>&nbsp;<\/p>\n<p>&nbsp;<\/p>\n<p>&nbsp;<\/p>\n<p><img loading=\"lazy\" decoding=\"async\" class=\" wp-image-519 alignright\" src=\"https:\/\/sanmateofundaciongt.org\/wp-content\/uploads\/2024\/01\/12-Historia-1-300x175.jpg\" alt=\"\" width=\"654\" height=\"382\" srcset=\"https:\/\/sanmateofundaciongt.org\/wp-content\/uploads\/2024\/01\/12-Historia-1-300x175.jpg 300w, https:\/\/sanmateofundaciongt.org\/wp-content\/uploads\/2024\/01\/12-Historia-1-1024x599.jpg 1024w, https:\/\/sanmateofundaciongt.org\/wp-content\/uploads\/2024\/01\/12-Historia-1-768x449.jpg 768w, https:\/\/sanmateofundaciongt.org\/wp-content\/uploads\/2024\/01\/12-Historia-1.jpg 1500w\" sizes=\"auto, (max-width: 654px) 100vw, 654px\" \/><\/p>\n<h6>Despu\u00e9s de m\u00e1s de una d\u00e9cada de trabajo y servicio en la educaci\u00f3n, con satisfacci\u00f3n hemos comprobado c\u00f3mo nuestro Slogan \u201cEducaci\u00f3n para cambiar vidas\u201d no es solo una fraseinspiradora sino una realidad que cada d\u00eda aumenta. Hemos visto como las vidas de muchos j\u00f3venes han cambiado, en el campo profesional, en los estudios universitarios, los vemos ocupando puestos de direcci\u00f3n en sus comunidades y empresas, vemos a j\u00f3venes emprendedores, j\u00f3venes con una vida familiar mucho m\u00e1s estable, j\u00f3venes que a\u00fan contin\u00faan su marcha hacia el progreso propio y que verdaderamente han cambiado su vida.<\/h6>\n<p>&nbsp;<\/p>\n<p>&nbsp;<\/p>\n","protected":false},"excerpt":{"rendered":"<p>&nbsp; &nbsp; &nbsp; Fundaci\u00f3n San Mateo surge del conocimiento y comprensi\u00f3n de las necesidades de las personas en la regi\u00f3n del Valle del Polochic y las tierras altas de Senah\u00fa. La experiencia del servicio y amor al pr\u00f3jimo de Charles Albert durante muchos a\u00f1os en diferentes pa\u00edses especialmente en Latinoam\u00e9rica, junto al trabajo de Willian [&hellip;]<\/p>\n","protected":false},"author":1,"featured_media":411,"parent":0,"menu_order":0,"comment_status":"closed","ping_status":"closed","template":"","meta":{"footnotes":""},"class_list":["post-63","page","type-page","status-publish","has-post-thumbnail","hentry"],"acf":[],"_links":{"self":[{"href":"https:\/\/sanmateofundaciongt.org\/index.php?rest_route=\/wp\/v2\/pages\/63","targetHints":{"allow":["GET"]}}],"collection":[{"href":"https:\/\/sanmateofundaciongt.org\/index.php?rest_route=\/wp\/v2\/pages"}],"about":[{"href":"https:\/\/sanmateofundaciongt.org\/index.php?rest_route=\/wp\/v2\/types\/page"}],"author":[{"embeddable":true,"href":"https:\/\/sanmateofundaciongt.org\/index.php?rest_route=\/wp\/v2\/users\/1"}],"replies":[{"embeddable":true,"href":"https:\/\/sanmateofundaciongt.org\/index.php?rest_route=%2Fwp%2Fv2%2Fcomments&post=63"}],"version-history":[{"count":47,"href":"https:\/\/sanmateofundaciongt.org\/index.php?rest_route=\/wp\/v2\/pages\/63\/revisions"}],"predecessor-version":[{"id":707,"href":"https:\/\/sanmateofundaciongt.org\/index.php?rest_route=\/wp\/v2\/pages\/63\/revisions\/707"}],"wp:featuredmedia":[{"embeddable":true,"href":"https:\/\/sanmateofundaciongt.org\/index.php?rest_route=\/wp\/v2\/media\/411"}],"wp:attachment":[{"href":"https:\/\/sanmateofundaciongt.org\/index.php?rest_route=%2Fwp%2Fv2%2Fmedia&parent=63"}],"curies":[{"name":"wp","href":"https:\/\/api.w.org\/{rel}","templated":true}]}}