{"id":897,"date":"2025-04-25T12:38:23","date_gmt":"2025-04-25T18:38:23","guid":{"rendered":"https:\/\/sanmateofundaciongt.org\/?page_id=897"},"modified":"2025-04-25T12:50:15","modified_gmt":"2025-04-25T18:50:15","slug":"bachillerato-en-ciencias-y-letras-con-orientacion-en-ciencias-biologicas","status":"publish","type":"page","link":"https:\/\/sanmateofundaciongt.org\/?page_id=897","title":{"rendered":"Bachillerato en Ciencias y Letras con Orientaci\u00f3n en Ciencias Biol\u00f3gicas"},"content":{"rendered":"<p>&nbsp;<\/p>\n<p><img loading=\"lazy\" decoding=\"async\" class=\"wp-image-899 alignright\" src=\"https:\/\/sanmateofundaciongt.org\/wp-content\/uploads\/2025\/04\/WhatsApp-Image-2025-04-24-at-11.39.56-AM-1-1-e1745597884887-300x243.jpeg\" alt=\"\" width=\"466\" height=\"378\" srcset=\"https:\/\/sanmateofundaciongt.org\/wp-content\/uploads\/2025\/04\/WhatsApp-Image-2025-04-24-at-11.39.56-AM-1-1-e1745597884887-300x243.jpeg 300w, https:\/\/sanmateofundaciongt.org\/wp-content\/uploads\/2025\/04\/WhatsApp-Image-2025-04-24-at-11.39.56-AM-1-1-e1745597884887-1024x828.jpeg 1024w, https:\/\/sanmateofundaciongt.org\/wp-content\/uploads\/2025\/04\/WhatsApp-Image-2025-04-24-at-11.39.56-AM-1-1-e1745597884887-768x621.jpeg 768w, https:\/\/sanmateofundaciongt.org\/wp-content\/uploads\/2025\/04\/WhatsApp-Image-2025-04-24-at-11.39.56-AM-1-1-e1745597884887.jpeg 1088w\" sizes=\"auto, (max-width: 466px) 100vw, 466px\" \/><\/p>\n<h6><\/h6>\n<h6>La especialidad en Ciencias Biol\u00f3gicas busca formar profesionales que puedan continuar con estudios superiores especializados en las distintas \u00e1reas como medicina, odontolog\u00eda, enfermer\u00eda, veterinaria, laboratorista, entre otros. El pensum de estudios se encuentra compuesto por cursos te\u00f3rico pr\u00e1cticos, los cuales permiten a nuestros estudiantes tener experiencias reales.<\/h6>\n<p>&nbsp;<\/p>\n<h6>Los estudiantes a lo largo de su carrera de nivel medio lograr\u00e1n aplicar con propiedad los conocimientos b\u00e1sicos sobre principios anat\u00f3micos, fisiol\u00f3gicos y proped\u00e9uticos sobre la composici\u00f3n del ser humano, adem\u00e1s, de ser un ente promotor de la salud f\u00edsica y mental.<\/h6>\n<p>&nbsp;<\/p>\n<h6><\/h6>\n<h6><\/h6>\n<p>&nbsp;<\/p>\n<p>&nbsp;<\/p>\n<p><img loading=\"lazy\" decoding=\"async\" class=\"wp-image-916  alignleft\" src=\"https:\/\/sanmateofundaciongt.org\/wp-content\/uploads\/2025\/04\/WhatsApp-Image-2025-04-24-at-1.37.25-PM-e1745600375291-300x209.jpeg\" alt=\"\" width=\"520\" height=\"363\" srcset=\"https:\/\/sanmateofundaciongt.org\/wp-content\/uploads\/2025\/04\/WhatsApp-Image-2025-04-24-at-1.37.25-PM-e1745600375291-300x209.jpeg 300w, https:\/\/sanmateofundaciongt.org\/wp-content\/uploads\/2025\/04\/WhatsApp-Image-2025-04-24-at-1.37.25-PM-e1745600375291-1024x715.jpeg 1024w, https:\/\/sanmateofundaciongt.org\/wp-content\/uploads\/2025\/04\/WhatsApp-Image-2025-04-24-at-1.37.25-PM-e1745600375291-768x536.jpeg 768w, https:\/\/sanmateofundaciongt.org\/wp-content\/uploads\/2025\/04\/WhatsApp-Image-2025-04-24-at-1.37.25-PM-e1745600375291-1536x1072.jpeg 1536w, https:\/\/sanmateofundaciongt.org\/wp-content\/uploads\/2025\/04\/WhatsApp-Image-2025-04-24-at-1.37.25-PM-e1745600375291.jpeg 1600w\" sizes=\"auto, (max-width: 520px) 100vw, 520px\" \/><\/p>\n<h6>Con el objetivo de brindar m\u00e1s capacitaciones a nuestros estudiantes se tiene una alianza con el Instituto de T\u00e9cnico de Capacitaci\u00f3n y Productividad (INTECAP) quienes imparten diversos cursos CERTIFICADOS. Al momento de egresar del Centro Educativo San Mateo se le hace entrega a nuestros estudiantes entre 5 y 6 certificados de cursos los cuales mejorar\u00e1n su Curr\u00edculum Vit\u00e1e y les dar\u00e1 mayores oportunidades de empleo.<\/h6>\n<p>&nbsp;<\/p>\n<h6>Dentro de los cursos que imparte INTECAP podemos mencionar: Primeros Auxilios y toma de signos vitales, Farmacolog\u00eda, T\u00e9cnicas b\u00e1sicas de enfermer\u00eda, entre otros.<\/h6>\n<p>&nbsp;<\/p>\n<p>&nbsp;<\/p>\n<p>&nbsp;<\/p>\n<p><img loading=\"lazy\" decoding=\"async\" class=\"wp-image-925  alignright\" src=\"https:\/\/sanmateofundaciongt.org\/wp-content\/uploads\/2025\/04\/WhatsApp-Image-2025-04-25-at-11.09.11-AM-scaled-e1745603975506-300x264.jpeg\" alt=\"\" width=\"491\" height=\"432\" srcset=\"https:\/\/sanmateofundaciongt.org\/wp-content\/uploads\/2025\/04\/WhatsApp-Image-2025-04-25-at-11.09.11-AM-scaled-e1745603975506-300x264.jpeg 300w, https:\/\/sanmateofundaciongt.org\/wp-content\/uploads\/2025\/04\/WhatsApp-Image-2025-04-25-at-11.09.11-AM-scaled-e1745603975506-1024x900.jpeg 1024w, https:\/\/sanmateofundaciongt.org\/wp-content\/uploads\/2025\/04\/WhatsApp-Image-2025-04-25-at-11.09.11-AM-scaled-e1745603975506-768x675.jpeg 768w, https:\/\/sanmateofundaciongt.org\/wp-content\/uploads\/2025\/04\/WhatsApp-Image-2025-04-25-at-11.09.11-AM-scaled-e1745603975506-1536x1350.jpeg 1536w, https:\/\/sanmateofundaciongt.org\/wp-content\/uploads\/2025\/04\/WhatsApp-Image-2025-04-25-at-11.09.11-AM-scaled-e1745603975506.jpeg 2044w\" sizes=\"auto, (max-width: 491px) 100vw, 491px\" \/><\/p>\n<h6>Como parte de las pr\u00e1cticas de Laboratorio, nuestros estudiantes cuentan con el equipo necesario para realizar experimentos que les permitan hacer desde reacciones qu\u00edmicas hasta cambios de materia importantes para el desarrollo de ecuaciones y teor\u00edas.<\/h6>\n<p>&nbsp;<\/p>\n<h6>Por otra parte, nuestros estudiantes realizan jornadas m\u00e9dicas que incluyen a nuestros estudiantes del nivel b\u00e1sico, esto permite tener intercambios importantes en el \u00e1rea de salud, desde charlas educativas para fomentar el auto cuidado hasta la identificaci\u00f3n b\u00e1sica de s\u00edntomas.<\/h6>\n<p>&nbsp;<\/p>\n<h6>El personal capacitado del Centro Educativo San Mateo, permite que se tenga una formaci\u00f3n educativa de acuerdo a los lineamientos del Ministerio de Educaci\u00f3n de Guatemala.<\/h6>\n<p>&nbsp;<\/p>\n<h6>\n<img loading=\"lazy\" decoding=\"async\" class=\"wp-image-936  aligncenter\" src=\"https:\/\/sanmateofundaciongt.org\/wp-content\/uploads\/2025\/04\/WhatsApp-Image-2025-04-24-at-11.39.56-AM-2-300x169.jpeg\" alt=\"\" width=\"663\" height=\"374\" srcset=\"https:\/\/sanmateofundaciongt.org\/wp-content\/uploads\/2025\/04\/WhatsApp-Image-2025-04-24-at-11.39.56-AM-2-300x169.jpeg 300w, https:\/\/sanmateofundaciongt.org\/wp-content\/uploads\/2025\/04\/WhatsApp-Image-2025-04-24-at-11.39.56-AM-2-1024x576.jpeg 1024w, https:\/\/sanmateofundaciongt.org\/wp-content\/uploads\/2025\/04\/WhatsApp-Image-2025-04-24-at-11.39.56-AM-2-768x432.jpeg 768w, https:\/\/sanmateofundaciongt.org\/wp-content\/uploads\/2025\/04\/WhatsApp-Image-2025-04-24-at-11.39.56-AM-2-1536x864.jpeg 1536w, https:\/\/sanmateofundaciongt.org\/wp-content\/uploads\/2025\/04\/WhatsApp-Image-2025-04-24-at-11.39.56-AM-2.jpeg 1600w\" sizes=\"auto, (max-width: 663px) 100vw, 663px\" \/><\/h6>\n<h6>Las capacitaciones con Doctores extranjeros tambi\u00e9n ha formado parte fundamental para nuestros estudiantes de Ciencias Biol\u00f3gicas, estos profesionales en distintas \u00e1reas han compartido experiencias, conocimientos y pr\u00e1cticas haciendo m\u00e1s enriquecedor el proceso educativo.<\/h6>\n<p>&nbsp;<\/p>\n<p>&nbsp;<\/p>\n<h6><img loading=\"lazy\" decoding=\"async\" class=\"wp-image-943  alignright\" src=\"https:\/\/sanmateofundaciongt.org\/wp-content\/uploads\/2025\/04\/WhatsApp-Image-2025-04-24-at-1.38.44-PM-e1745605390148-300x213.jpeg\" alt=\"\" width=\"548\" height=\"389\" srcset=\"https:\/\/sanmateofundaciongt.org\/wp-content\/uploads\/2025\/04\/WhatsApp-Image-2025-04-24-at-1.38.44-PM-e1745605390148-300x213.jpeg 300w, https:\/\/sanmateofundaciongt.org\/wp-content\/uploads\/2025\/04\/WhatsApp-Image-2025-04-24-at-1.38.44-PM-e1745605390148-1024x728.jpeg 1024w, https:\/\/sanmateofundaciongt.org\/wp-content\/uploads\/2025\/04\/WhatsApp-Image-2025-04-24-at-1.38.44-PM-e1745605390148-768x546.jpeg 768w, https:\/\/sanmateofundaciongt.org\/wp-content\/uploads\/2025\/04\/WhatsApp-Image-2025-04-24-at-1.38.44-PM-e1745605390148.jpeg 1403w\" sizes=\"auto, (max-width: 548px) 100vw, 548px\" \/><\/h6>\n<h6>El Centro Educativo San Mateo est\u00e1 comprometido con la educaci\u00f3n en Senah\u00fa, es por ello que hemos aperturado esta nueva opci\u00f3n educativa, accesible y positiva, que brinda m\u00e1s oportunidades, cambia vidas, encamina a un empleo y posibilita continuar con sus estudios universitarios.<\/h6>\n<h6>El compromiso con nuestros estudiantes se encuentra plasmado en su preparaci\u00f3n por medio de metodolog\u00edas innovadoras, formando humanos con valores \u00e9ticos, morales y la responsabilidad con su comunidad.<\/h6>\n<p>&nbsp;<\/p>\n<p>&nbsp;<\/p>\n<p>&nbsp;<\/p>\n<p>&nbsp;<\/p>\n<p>&nbsp;<\/p>\n<p>&nbsp;<\/p>\n<p>&nbsp;<\/p>\n<p>&nbsp;<\/p>\n<p>&nbsp;<\/p>\n<p>&nbsp;<\/p>\n","protected":false},"excerpt":{"rendered":"<p>&nbsp; La especialidad en Ciencias Biol\u00f3gicas busca formar profesionales que puedan continuar con estudios superiores especializados en las distintas \u00e1reas como medicina, odontolog\u00eda, enfermer\u00eda, veterinaria, laboratorista, entre otros. El pensum de estudios se encuentra compuesto por cursos te\u00f3rico pr\u00e1cticos, los cuales permiten a nuestros estudiantes tener experiencias reales. &nbsp; Los estudiantes a lo largo de [&hellip;]<\/p>\n","protected":false},"author":5,"featured_media":910,"parent":9,"menu_order":0,"comment_status":"closed","ping_status":"closed","template":"","meta":{"footnotes":""},"class_list":["post-897","page","type-page","status-publish","has-post-thumbnail","hentry"],"acf":[],"_links":{"self":[{"href":"https:\/\/sanmateofundaciongt.org\/index.php?rest_route=\/wp\/v2\/pages\/897","targetHints":{"allow":["GET"]}}],"collection":[{"href":"https:\/\/sanmateofundaciongt.org\/index.php?rest_route=\/wp\/v2\/pages"}],"about":[{"href":"https:\/\/sanmateofundaciongt.org\/index.php?rest_route=\/wp\/v2\/types\/page"}],"author":[{"embeddable":true,"href":"https:\/\/sanmateofundaciongt.org\/index.php?rest_route=\/wp\/v2\/users\/5"}],"replies":[{"embeddable":true,"href":"https:\/\/sanmateofundaciongt.org\/index.php?rest_route=%2Fwp%2Fv2%2Fcomments&post=897"}],"version-history":[{"count":51,"href":"https:\/\/sanmateofundaciongt.org\/index.php?rest_route=\/wp\/v2\/pages\/897\/revisions"}],"predecessor-version":[{"id":955,"href":"https:\/\/sanmateofundaciongt.org\/index.php?rest_route=\/wp\/v2\/pages\/897\/revisions\/955"}],"up":[{"embeddable":true,"href":"https:\/\/sanmateofundaciongt.org\/index.php?rest_route=\/wp\/v2\/pages\/9"}],"wp:featuredmedia":[{"embeddable":true,"href":"https:\/\/sanmateofundaciongt.org\/index.php?rest_route=\/wp\/v2\/media\/910"}],"wp:attachment":[{"href":"https:\/\/sanmateofundaciongt.org\/index.php?rest_route=%2Fwp%2Fv2%2Fmedia&parent=897"}],"curies":[{"name":"wp","href":"https:\/\/api.w.org\/{rel}","templated":true}]}}